{"id":1723,"date":"2022-01-26T18:14:15","date_gmt":"2022-01-26T18:14:15","guid":{"rendered":"https:\/\/www.aiso-outplacement.it\/?page_id=1723"},"modified":"2024-06-16T08:32:38","modified_gmt":"2024-06-16T08:32:38","slug":"societa-aderenti","status":"publish","type":"page","link":"https:\/\/www.aiso-outplacement.it\/?page_id=1723","title":{"rendered":"Societ\u00e0 Aderenti"},"content":{"rendered":"\n<div style=\"height:28px\" aria-hidden=\"true\" class=\"wp-block-spacer\"><\/div>\n\n\n\n<div class=\"wp-block-columns has-background is-layout-flex wp-container-core-columns-is-layout-9d6595d7 wp-block-columns-is-layout-flex\" style=\"background-color:#eaeaea\">\n<div class=\"wp-block-column is-layout-flow wp-block-column-is-layout-flow\">\n<p class=\"has-text-align-center\"><strong><a href=\"https:\/\/www.aiso-outplacement.it\/?page_id=1703\" data-type=\"page\" data-id=\"1703\">L&#8217;ASSOCIAZIONE<\/a><\/strong><\/p>\n<\/div>\n\n\n\n<div class=\"wp-block-column is-layout-flow wp-block-column-is-layout-flow\">\n<p class=\"has-text-align-center\"><strong><a href=\"https:\/\/www.aiso-outplacement.it\/?page_id=1723\" data-type=\"page\" data-id=\"1723\">SOCIETA&#8217; ADERENTI<\/a><\/strong><\/p>\n<\/div>\n\n\n\n<div class=\"wp-block-column is-layout-flow wp-block-column-is-layout-flow\">\n<p class=\"has-text-align-center\"><strong><a href=\"https:\/\/www.aiso-outplacement.it\/?page_id=1728\" data-type=\"page\" data-id=\"1728\">CODICE ETICO<\/a><\/strong><\/p>\n<\/div>\n\n\n\n<div class=\"wp-block-column is-layout-flow wp-block-column-is-layout-flow\">\n<p class=\"has-text-align-center\"><strong><a href=\"https:\/\/www.aiso-outplacement.it\/?page_id=1733\" data-type=\"page\" data-id=\"1733\">STATUTO &amp; REGOLAMENTO<\/a><\/strong><\/p>\n<\/div>\n<\/div>\n\n\n\n<div style=\"height:100px\" aria-hidden=\"true\" class=\"wp-block-spacer\"><\/div>\n\n\n\n<h2 class=\"wp-block-heading\" id=\"societa-aderenti\">Societ\u00e0 Aderenti<\/h2>\n\n\n\n<p class=\"has-medium-font-size\">Come unica associazione rappresentante l\u2019Outplacement, AISO ha elaborato un sistema di standard particolarmente rigorosi che impegnano le Societ\u00e0 aderenti ad operare in termini di qualit\u00e0 e trasparenza il pi\u00f9 elevati possibile, al fine di garantire risultati certi e misurabili.<\/p>\n\n\n\n<p>Le societ\u00e0 di AISO collaborano con consulenti certificati sulla base di standard internazionalmente riconosciuti e curano un costante aggiornamento delle metodologie adoperate (concetti riportati nel regolamento).<\/p>\n\n\n\n<p>Tutte le societ\u00e0 aderenti all\u2019AISO sono accreditate dal Ministero del Lavoro a svolgere in maniera specialistica attivit\u00e0 di supporto alla ricollocazione professionale.<\/p>\n\n\n\n<h3 class=\"wp-block-heading\" id=\"l-associazione-aiso-e-composta-dalle-seguenti-aziende-con-i-rispettivi-rappresentanti\">L\u2019associazione AISO \u00e8 composta dalle seguenti Aziende, con i rispettivi rappresentanti:<\/h3>\n\n\n\n<div class=\"wp-block-columns is-layout-flex wp-container-core-columns-is-layout-9d6595d7 wp-block-columns-is-layout-flex\">\n<div class=\"wp-block-column is-layout-flow wp-block-column-is-layout-flow\">\n<figure class=\"wp-block-image aligncenter size-full\"><a href=\"https:\/\/www.openjobmetis.it\/it\/aziende\/i-servizi-per-le-aziende\/outplacement\" target=\"_blank\" rel=\"noopener\"><img loading=\"lazy\" decoding=\"async\" width=\"378\" height=\"378\" src=\"https:\/\/www.aiso-outplacement.it\/wp-content\/uploads\/2022\/02\/log2.jpg\" alt=\"\" class=\"wp-image-2147\" srcset=\"https:\/\/www.aiso-outplacement.it\/wp-content\/uploads\/2022\/02\/log2.jpg 378w, https:\/\/www.aiso-outplacement.it\/wp-content\/uploads\/2022\/02\/log2-300x300.jpg 300w, https:\/\/www.aiso-outplacement.it\/wp-content\/uploads\/2022\/02\/log2-150x150.jpg 150w\" sizes=\"auto, (max-width: 378px) 100vw, 378px\" \/><\/a><\/figure>\n<\/div>\n\n\n\n<div class=\"wp-block-column is-layout-flow wp-block-column-is-layout-flow\">\n<figure class=\"wp-block-image aligncenter size-full\"><a href=\"http:\/\/www.intoo.it\/\" target=\"_blank\" rel=\"noopener\"><img loading=\"lazy\" decoding=\"async\" width=\"230\" height=\"230\" src=\"https:\/\/www.aiso-outplacement.it\/wp-content\/uploads\/2022\/02\/log3.jpg\" alt=\"\" class=\"wp-image-2148\" srcset=\"https:\/\/www.aiso-outplacement.it\/wp-content\/uploads\/2022\/02\/log3.jpg 230w, https:\/\/www.aiso-outplacement.it\/wp-content\/uploads\/2022\/02\/log3-150x150.jpg 150w\" sizes=\"auto, (max-width: 230px) 100vw, 230px\" \/><\/a><\/figure>\n<\/div>\n\n\n\n<div class=\"wp-block-column is-layout-flow wp-block-column-is-layout-flow\">\n<figure class=\"wp-block-image aligncenter size-full\"><a href=\"https:\/\/www.lhh.com\/it\/it\/\" target=\"_blank\" rel=\"noopener\"><img loading=\"lazy\" decoding=\"async\" width=\"230\" height=\"230\" src=\"https:\/\/www.aiso-outplacement.it\/wp-content\/uploads\/2022\/02\/log4.jpg\" alt=\"\" class=\"wp-image-2149\" srcset=\"https:\/\/www.aiso-outplacement.it\/wp-content\/uploads\/2022\/02\/log4.jpg 230w, https:\/\/www.aiso-outplacement.it\/wp-content\/uploads\/2022\/02\/log4-150x150.jpg 150w\" sizes=\"auto, (max-width: 230px) 100vw, 230px\" \/><\/a><\/figure>\n<\/div>\n\n\n\n<div class=\"wp-block-column is-vertically-aligned-center is-layout-flow wp-block-column-is-layout-flow\">\n<figure class=\"wp-block-image aligncenter size-full\"><a href=\"https:\/\/www.opsolution.it\/\" target=\"_blank\" rel=\"noopener\"><img loading=\"lazy\" decoding=\"async\" width=\"184\" height=\"62\" src=\"https:\/\/www.aiso-outplacement.it\/wp-content\/uploads\/2024\/03\/image005.png\" alt=\"\" class=\"wp-image-2518\"\/><\/a><\/figure>\n<\/div>\n\n\n\n<div class=\"wp-block-column is-layout-flow wp-block-column-is-layout-flow\">\n<figure class=\"wp-block-image aligncenter size-full\"><a href=\"https:\/\/www.mpgtalentsolutions.com\/it\/it\/soluzioni\/outplacement\" target=\"_blank\" rel=\"noopener\"><img loading=\"lazy\" decoding=\"async\" width=\"230\" height=\"230\" src=\"https:\/\/www.aiso-outplacement.it\/wp-content\/uploads\/2022\/02\/log6.jpg\" alt=\"\" class=\"wp-image-2151\" srcset=\"https:\/\/www.aiso-outplacement.it\/wp-content\/uploads\/2022\/02\/log6.jpg 230w, https:\/\/www.aiso-outplacement.it\/wp-content\/uploads\/2022\/02\/log6-150x150.jpg 150w\" sizes=\"auto, (max-width: 230px) 100vw, 230px\" \/><\/a><\/figure>\n<\/div>\n<\/div>\n\n\n\n<div class=\"wp-block-columns is-layout-flex wp-container-core-columns-is-layout-9d6595d7 wp-block-columns-is-layout-flex\">\n<div class=\"wp-block-column is-vertically-aligned-center is-layout-flow wp-block-column-is-layout-flow\">\n<figure class=\"wp-block-image aligncenter size-full\"><a href=\"https:\/\/www.sa-change.it\/\" target=\"_blank\" rel=\"noreferrer noopener\"><img loading=\"lazy\" decoding=\"async\" width=\"73\" height=\"113\" src=\"https:\/\/www.aiso-outplacement.it\/wp-content\/uploads\/2024\/03\/image001-b.jpg\" alt=\"\" class=\"wp-image-2519\"\/><\/a><\/figure>\n<\/div>\n\n\n\n<div class=\"wp-block-column is-layout-flow wp-block-column-is-layout-flow\">\n<figure class=\"wp-block-image aligncenter size-full\"><a href=\"http:\/\/www.uomoeimpresa.it\/\" target=\"_blank\" rel=\"noopener\"><img loading=\"lazy\" decoding=\"async\" width=\"230\" height=\"230\" src=\"https:\/\/www.aiso-outplacement.it\/wp-content\/uploads\/2022\/02\/log9.jpg\" alt=\"\" class=\"wp-image-2154\" srcset=\"https:\/\/www.aiso-outplacement.it\/wp-content\/uploads\/2022\/02\/log9.jpg 230w, https:\/\/www.aiso-outplacement.it\/wp-content\/uploads\/2022\/02\/log9-150x150.jpg 150w\" sizes=\"auto, (max-width: 230px) 100vw, 230px\" \/><\/a><\/figure>\n<\/div>\n\n\n\n<div class=\"wp-block-column is-layout-flow wp-block-column-is-layout-flow\">\n<figure class=\"wp-block-image aligncenter size-full\"><a href=\"https:\/\/www.randstad.it\/risesmart\/\" target=\"_blank\" rel=\"noopener\"><img loading=\"lazy\" decoding=\"async\" width=\"200\" height=\"200\" src=\"https:\/\/www.aiso-outplacement.it\/wp-content\/uploads\/2022\/02\/log10.jpg\" alt=\"\" class=\"wp-image-2155\" srcset=\"https:\/\/www.aiso-outplacement.it\/wp-content\/uploads\/2022\/02\/log10.jpg 200w, https:\/\/www.aiso-outplacement.it\/wp-content\/uploads\/2022\/02\/log10-150x150.jpg 150w\" sizes=\"auto, (max-width: 200px) 100vw, 200px\" \/><\/a><\/figure>\n<\/div>\n\n\n\n<div class=\"wp-block-column is-layout-flow wp-block-column-is-layout-flow\">\n<figure class=\"wp-block-image aligncenter size-full\"><a href=\"https:\/\/www.vertus.it\/\" target=\"_blank\" rel=\"noopener\"><img loading=\"lazy\" decoding=\"async\" width=\"200\" height=\"200\" src=\"https:\/\/www.aiso-outplacement.it\/wp-content\/uploads\/2022\/02\/log11.jpg\" alt=\"\" class=\"wp-image-2156\" srcset=\"https:\/\/www.aiso-outplacement.it\/wp-content\/uploads\/2022\/02\/log11.jpg 200w, https:\/\/www.aiso-outplacement.it\/wp-content\/uploads\/2022\/02\/log11-150x150.jpg 150w\" sizes=\"auto, (max-width: 200px) 100vw, 200px\" \/><\/a><\/figure>\n<\/div>\n\n\n\n<div class=\"wp-block-column is-vertically-aligned-center is-layout-flow wp-block-column-is-layout-flow\">\n<figure class=\"wp-block-image aligncenter size-full\"><a href=\"https:\/\/www.rochester-executive.com\/\" target=\"_blank\" rel=\"noreferrer noopener\"><img loading=\"lazy\" decoding=\"async\" width=\"700\" height=\"244\" src=\"https:\/\/www.aiso-outplacement.it\/wp-content\/uploads\/2024\/06\/Rochester_RGB_pos.jpg\" alt=\"\" class=\"wp-image-2551\" srcset=\"https:\/\/www.aiso-outplacement.it\/wp-content\/uploads\/2024\/06\/Rochester_RGB_pos.jpg 700w, https:\/\/www.aiso-outplacement.it\/wp-content\/uploads\/2024\/06\/Rochester_RGB_pos-300x105.jpg 300w\" sizes=\"auto, (max-width: 700px) 100vw, 700px\" \/><\/a><\/figure>\n<\/div>\n<\/div>\n\n\n\n<div style=\"height:100px\" aria-hidden=\"true\" class=\"wp-block-spacer\"><\/div>\n","protected":false},"excerpt":{"rendered":"<p>L&#8217;ASSOCIAZIONE SOCIETA&#8217; ADERENTI CODICE ETICO STATUTO &amp; REGOLAMENTO Societ\u00e0 Aderenti Come unica associazione rappresentante l\u2019Outplacement, AISO ha elaborato un sistema di standard particolarmente rigorosi che impegnano le Societ\u00e0 aderenti ad operare in termini di qualit\u00e0 e trasparenza il pi\u00f9 elevati possibile, al fine di garantire risultati certi e misurabili. Le societ\u00e0 di AISO collaborano con &hellip;<\/p>\n<p class=\"read-more\"> <a class=\"\" href=\"https:\/\/www.aiso-outplacement.it\/?page_id=1723\"> <span class=\"screen-reader-text\">Societ\u00e0 Aderenti<\/span> Leggi altro &raquo;<\/a><\/p>\n","protected":false},"author":2,"featured_media":0,"parent":0,"menu_order":0,"comment_status":"closed","ping_status":"closed","template":"","meta":{"site-sidebar-layout":"no-sidebar","site-content-layout":"plain-container","ast-main-header-display":"","ast-hfb-above-header-display":"","ast-hfb-mobile-header-display":"","site-post-title":"disabled","ast-breadcrumbs-content":"disabled","ast-featured-img":"disabled","footer-sml-layout":"","theme-transparent-header-meta":"disabled","adv-header-id-meta":"","stick-header-meta":"","header-above-stick-meta":"","header-main-stick-meta":"","header-below-stick-meta":"","footnotes":""},"class_list":["post-1723","page","type-page","status-publish","hentry"],"_links":{"self":[{"href":"https:\/\/www.aiso-outplacement.it\/index.php?rest_route=\/wp\/v2\/pages\/1723","targetHints":{"allow":["GET"]}}],"collection":[{"href":"https:\/\/www.aiso-outplacement.it\/index.php?rest_route=\/wp\/v2\/pages"}],"about":[{"href":"https:\/\/www.aiso-outplacement.it\/index.php?rest_route=\/wp\/v2\/types\/page"}],"author":[{"embeddable":true,"href":"https:\/\/www.aiso-outplacement.it\/index.php?rest_route=\/wp\/v2\/users\/2"}],"replies":[{"embeddable":true,"href":"https:\/\/www.aiso-outplacement.it\/index.php?rest_route=%2Fwp%2Fv2%2Fcomments&post=1723"}],"version-history":[{"count":16,"href":"https:\/\/www.aiso-outplacement.it\/index.php?rest_route=\/wp\/v2\/pages\/1723\/revisions"}],"predecessor-version":[{"id":2552,"href":"https:\/\/www.aiso-outplacement.it\/index.php?rest_route=\/wp\/v2\/pages\/1723\/revisions\/2552"}],"wp:attachment":[{"href":"https:\/\/www.aiso-outplacement.it\/index.php?rest_route=%2Fwp%2Fv2%2Fmedia&parent=1723"}],"curies":[{"name":"wp","href":"https:\/\/api.w.org\/{rel}","templated":true}]}}