{"id":2046,"date":"2022-01-30T06:26:29","date_gmt":"2022-01-30T06:26:29","guid":{"rendered":"https:\/\/www.aiso-outplacement.it\/?page_id=2046"},"modified":"2022-01-30T07:29:39","modified_gmt":"2022-01-30T07:29:39","slug":"cose","status":"publish","type":"page","link":"https:\/\/www.aiso-outplacement.it\/?page_id=2046","title":{"rendered":"Cos&#8217;\u00e8"},"content":{"rendered":"\n<div style=\"height:30px\" aria-hidden=\"true\" class=\"wp-block-spacer\"><\/div>\n\n\n\n<div class=\"wp-block-columns has-background is-layout-flex wp-container-core-columns-is-layout-9d6595d7 wp-block-columns-is-layout-flex\" style=\"background-color:#eaeaea\">\n<div class=\"wp-block-column is-layout-flow wp-block-column-is-layout-flow\">\n<p class=\"has-text-align-center\"><strong><a href=\"https:\/\/www.aiso-outplacement.it\/?page_id=2046\" data-type=\"page\" data-id=\"2046\">COS&#8217;E&#8217;<\/a><\/strong><\/p>\n<\/div>\n\n\n\n<div class=\"wp-block-column is-layout-flow wp-block-column-is-layout-flow\">\n<p class=\"has-text-align-center\"><strong><a href=\"https:\/\/www.aiso-outplacement.it\/?page_id=2041\" data-type=\"page\" data-id=\"2041\">L&#8217;INTERVENTO<\/a><\/strong><\/p>\n<\/div>\n\n\n\n<div class=\"wp-block-column is-layout-flow wp-block-column-is-layout-flow\">\n<p class=\"has-text-align-center\"><strong><a href=\"https:\/\/www.aiso-outplacement.it\/?page_id=2035\" data-type=\"page\" data-id=\"2035\">PER LE PERSONE<\/a><\/strong><\/p>\n<\/div>\n\n\n\n<div class=\"wp-block-column is-layout-flow wp-block-column-is-layout-flow\">\n<p class=\"has-text-align-center\"><strong><a href=\"https:\/\/www.aiso-outplacement.it\/?page_id=2030\" data-type=\"page\" data-id=\"2030\">PER LE AZIENDE<\/a><\/strong><\/p>\n<\/div>\n<\/div>\n\n\n\n<div style=\"height:100px\" aria-hidden=\"true\" class=\"wp-block-spacer\"><\/div>\n\n\n\n<h2 class=\"wp-block-heading\" id=\"cos-e-l-outplacement\">Cos&#8217;\u00e8 l&#8217;Outplacement<\/h2>\n\n\n\n<p class=\"has-medium-font-size\" id=\"l-outplacement-e-l-unico-servizio-di-consulenza-professionale-che-supporta-la-persona-in-tutte-le-fasi-della-ricerca-attiva-del-lavoro-fino-al-nuovo-inserimento-nel-mondo-del-lavoro\">L&#8217;Outplacement \u00e8 l\u2019unico servizio di consulenza professionale che supporta la persona in tutte le fasi della ricerca attiva del lavoro, fino al nuovo inserimento nel mondo del lavoro.<\/p>\n\n\n\n<p>L&#8217;outplacement \u00e8 l\u2019attivit\u00e0 di consulenza nell&#8217;ambito delle <a href=\"http:\/\/it.wikipedia.org\/wiki\/Risorse_umane\" target=\"_blank\" rel=\"noreferrer noopener\">risorse umane<\/a> che si occupa di accompagnare le persone in uscita da un&#8217;azienda nella ricerca di nuove opportunit\u00e0 professionali. Il servizio di outplacement in Italia \u00e8 regolato dal <a href=\"http:\/\/it.wikipedia.org\/wiki\/Ministero_del_Lavoro_e_delle_Politiche_Sociali\" target=\"_blank\" rel=\"noreferrer noopener\">Ministero del Lavoro e delle Politiche Sociali<\/a> quale attivit\u00e0 di supporto alla ricollocazione professionale. L&#8217;attivit\u00e0 \u00e8 effettuata su specifico ed esclusivo incarico dell&#8217;organizzazione committente (l&#8217;azienda presso cui la persona \u00e8 assunta e dalla quale sta per essere licenziata o posta in cassa integrazione o in mobilit\u00e0) ed \u00e8 finalizzata alla ricollocazione di lavoratori nel mercato del lavoro. L&#8217;outplacement \u00e8 un termine di derivazione inglese, importato dagli Stati Uniti dove \u00e8 stato coniato intorno gli anni &#8217;60. Per primo fu utilizzato dall&#8217;ente spaziale della Nasa che aiut\u00f2 migliaia di dipendenti provenienti dal concluso progetto &#8220;apollo&#8221; a rientrare nel mercato del lavoro. In Italia le principali societ\u00e0 di outplacement sono rappresentate dall&#8217;AISO (Associazione Italiana Societ\u00e0 di Outplacement).<\/p>\n\n\n\n<p>Qualche dato pu\u00f2 essere d\u2019aiuto nel dare un\u2019idea del ruolo che le societ\u00e0 di Outplacement attualmente svolgono nella grande arena del mercato del lavoro, ma soprattutto pu\u00f2 dare importanti spunti in merito a ci\u00f2 che potenzialmente potrebbero svolgere.<\/p>\n\n\n\n<p>Nel 2013, i nostri associati hanno gestito pi\u00f9 di 9.000 persone, quasi l\u201980% di queste ha trovato un nuovo lavoro in poco pi\u00f9 di 6 mesi. Analizzando i dati del 2012, abbiamo assistito quasi 8.000 persone e l\u201980% ha trovato una nuova collocazione in poco pi\u00f9 di 6 mesi.<\/p>\n\n\n\n<p>Se consideriamo il quadro economico generale che il nostro paese sta attraversando si tratta di risultati di assoluto rilievo. \u201c \u201d<\/p>\n\n\n\n<blockquote class=\"wp-block-quote is-layout-flow wp-block-quote-is-layout-flow\"><p>L\u2019Outplacement \u00e8 l\u2019unico servizio di consulenza professionale, all\u2019interno delle politiche attive del lavoro, che supporta il candidato in tutte le fasi della ricerca attiva del lavoro, dalla presa in carico fino al nuovo inserimento lavorativo.<\/p><\/blockquote>\n\n\n\n<p>Nell\u2019attuale dibattito del Jobs Act, AISO si pone l\u2019obiettivo di diffondere la cultura del supporto alla ricollocazione professionale come strumento che consentirebbe una maggiore flessibilit\u00e0 del mercato del lavoro, un avvicinamento ai modelli adottati dagli altri paesi europei, ed un importante risparmio alla collettivit\u00e0 per la ridotta necessit\u00e0 di dover ricorrere agli ammortizzatori sociali.<\/p>\n\n\n\n<p>Dai dati INPS (espressi in \u201cunit\u00e0 lavorative annue\u201d), nel 2013 abbiamo avuto 289.926 lavoratori in CIG, 202.193 lavoratori in CIGS, 186.773 lavoratori in Mobilit\u00e0, 641.352 percettori di indennit\u00e0 di disoccupazione od ASPI e 92.340 percettori della mini ASPI. Il totale porta a ben 1.407.584 percettori di strumenti di sostegno al reddito per un costo che si pu\u00f2 stimare oltre 20 miliardi di Euro.<\/p>\n\n\n\n<p>E\u2019 evidente che il ricorso sistematico a servizi a supporto della ricollocazione professionale come l\u2019Outplacement pu\u00f2 portare a notevoli risparmi. Ipotizzando di ridurre di un solo mese il periodo di ricorso agli ammortizzatori sociali, si potrebbe gi\u00e0 stimare un risparmio che supera 1,6 miliardi di Euro.<\/p>\n\n\n\n<p>Alla luce dei risultati conseguiti negli ultimi anni da AISO \u00e8 bene notare che le potenzialit\u00e0 di risparmio che si potrebbero ottenere grazie all\u2019Outplacement sarebbero tuttavia ben pi\u00f9 elevate.<\/p>\n\n\n\n<p>Il ricorso all\u2019Outplacement non ha vantaggi esclusivamente economici ma anche di natura sociale, in quanto lunghi periodi di disoccupazione hanno un impatto significativo sull\u2019equilibrio familiare dei lavoratori coinvolti; inoltre \u00e8 importante sottolineare che dopo oltre 12 mesi di disoccupazione l\u2019occupabilit\u00e0 stessa dei lavoratori si riduce drasticamente.<\/p>\n\n\n\n<div style=\"height:100px\" aria-hidden=\"true\" class=\"wp-block-spacer\"><\/div>\n\n\n\n<figure class=\"wp-block-image alignfull size-large\"><img loading=\"lazy\" decoding=\"async\" width=\"1024\" height=\"469\" src=\"https:\/\/www.aiso-outplacement.it\/wp-content\/uploads\/2022\/01\/cos-1024x469.jpg\" alt=\"\" class=\"wp-image-2049\" srcset=\"https:\/\/www.aiso-outplacement.it\/wp-content\/uploads\/2022\/01\/cos-1024x469.jpg 1024w, https:\/\/www.aiso-outplacement.it\/wp-content\/uploads\/2022\/01\/cos-300x137.jpg 300w, https:\/\/www.aiso-outplacement.it\/wp-content\/uploads\/2022\/01\/cos-768x351.jpg 768w, https:\/\/www.aiso-outplacement.it\/wp-content\/uploads\/2022\/01\/cos.jpg 1119w\" sizes=\"auto, (max-width: 1024px) 100vw, 1024px\" \/><\/figure>\n\n\n\n<div style=\"height:100px\" aria-hidden=\"true\" class=\"wp-block-spacer\"><\/div>\n\n\n\n<p>Prassi di questo genere sono sempre pi\u00f9 diffuse in numerosi paesi europei (Francia, Belgio, Danimarca, Svezia,\u2026). Citando un paese culturalmente a noi vicino, in Francia, ad esempio, \u00e8 obbligatorio per le imprese pi\u00f9 grandi il cosiddetto \u201cPermesso di reimpiego\u201d che prevede per 9 mesi il supporto del candidato nella ricerca di una nuova occupazione da parte di societ\u00e0 specializzate ed un\u2019integrazione del 65% del salario.<\/p>\n\n\n\n<p>Va sottolineato che si tratta di un obbligo per l\u2019azienda ma anche per il lavoratore che deve muoversi attivamente sul mercato del lavoro se vuole conservare tali benefici.<\/p>\n\n\n\n<p>Alla vigilia di una riforma del mercato del lavoro che sembra imminente, AISO si augura che i concetti di Outplacement, valorizzazione del singolo individuo ed occupabilit\u00e0 vengano adeguatamente considerati dai nostri legislatori e che il tema dell\u2019occupazione venga affrontato in modo non demagogico e populista, ma affrontando il vero nodo del problema: la necessit\u00e0 di flessibilit\u00e0 per le imprese che va coniugata con una adeguata tutela per i lavoratori.<\/p>\n\n\n\n<div style=\"height:100px\" aria-hidden=\"true\" class=\"wp-block-spacer\"><\/div>\n","protected":false},"excerpt":{"rendered":"<p>COS&#8217;E&#8217; L&#8217;INTERVENTO PER LE PERSONE PER LE AZIENDE Cos&#8217;\u00e8 l&#8217;Outplacement L&#8217;Outplacement \u00e8 l\u2019unico servizio di consulenza professionale che supporta la persona in tutte le fasi della ricerca attiva del lavoro, fino al nuovo inserimento nel mondo del lavoro. L&#8217;outplacement \u00e8 l\u2019attivit\u00e0 di consulenza nell&#8217;ambito delle risorse umane che si occupa di accompagnare le persone in &hellip;<\/p>\n<p class=\"read-more\"> <a class=\"\" href=\"https:\/\/www.aiso-outplacement.it\/?page_id=2046\"> <span class=\"screen-reader-text\">Cos&#8217;\u00e8<\/span> Leggi altro &raquo;<\/a><\/p>\n","protected":false},"author":2,"featured_media":0,"parent":0,"menu_order":0,"comment_status":"closed","ping_status":"closed","template":"","meta":{"site-sidebar-layout":"no-sidebar","site-content-layout":"plain-container","ast-main-header-display":"","ast-hfb-above-header-display":"","ast-hfb-mobile-header-display":"","site-post-title":"disabled","ast-breadcrumbs-content":"disabled","ast-featured-img":"disabled","footer-sml-layout":"","theme-transparent-header-meta":"disabled","adv-header-id-meta":"","stick-header-meta":"","header-above-stick-meta":"","header-main-stick-meta":"","header-below-stick-meta":"","footnotes":""},"class_list":["post-2046","page","type-page","status-publish","hentry"],"_links":{"self":[{"href":"https:\/\/www.aiso-outplacement.it\/index.php?rest_route=\/wp\/v2\/pages\/2046","targetHints":{"allow":["GET"]}}],"collection":[{"href":"https:\/\/www.aiso-outplacement.it\/index.php?rest_route=\/wp\/v2\/pages"}],"about":[{"href":"https:\/\/www.aiso-outplacement.it\/index.php?rest_route=\/wp\/v2\/types\/page"}],"author":[{"embeddable":true,"href":"https:\/\/www.aiso-outplacement.it\/index.php?rest_route=\/wp\/v2\/users\/2"}],"replies":[{"embeddable":true,"href":"https:\/\/www.aiso-outplacement.it\/index.php?rest_route=%2Fwp%2Fv2%2Fcomments&post=2046"}],"version-history":[{"count":4,"href":"https:\/\/www.aiso-outplacement.it\/index.php?rest_route=\/wp\/v2\/pages\/2046\/revisions"}],"predecessor-version":[{"id":2067,"href":"https:\/\/www.aiso-outplacement.it\/index.php?rest_route=\/wp\/v2\/pages\/2046\/revisions\/2067"}],"wp:attachment":[{"href":"https:\/\/www.aiso-outplacement.it\/index.php?rest_route=%2Fwp%2Fv2%2Fmedia&parent=2046"}],"curies":[{"name":"wp","href":"https:\/\/api.w.org\/{rel}","templated":true}]}}