{"id":2079,"date":"2022-01-30T09:11:39","date_gmt":"2022-01-30T09:11:39","guid":{"rendered":"https:\/\/www.aiso-outplacement.it\/?page_id=2079"},"modified":"2022-01-30T09:13:51","modified_gmt":"2022-01-30T09:13:51","slug":"cookie-policy","status":"publish","type":"page","link":"https:\/\/www.aiso-outplacement.it\/?page_id=2079","title":{"rendered":"Cookie Policy"},"content":{"rendered":"\n<div style=\"height:100px\" aria-hidden=\"true\" class=\"wp-block-spacer\"><\/div>\n\n\n\n<h2 class=\"wp-block-heading\" id=\"cookie-policy\">Cookie Policy<\/h2>\n\n\n\n<div style=\"height:50px\" aria-hidden=\"true\" class=\"wp-block-spacer\"><\/div>\n\n\n\n<p class=\"has-medium-font-size\" id=\"per-aiutarci-a-migliorare-la-tua-esperienza-di-navigazione-su-questo-sito-web-aiso-outplacement-it-aiso-associazione-italiana-societa-outplacement-salva-alcuni-cookies-sul-tuo-computer-continuando-con-la-navigazione-si-accettano-implicitamente-questi-cookie-ultimo-aggiornamento-23-06-2015\">Per aiutarci a migliorare la tua esperienza di navigazione su questo sito web, aiso-outplacement.it \/ AISO &#8211; Associazione Italiana Societ\u00e0 Outplacement salva alcuni cookies sul tuo computer. Continuando con la navigazione si accettano implicitamente questi Cookie. Ultimo aggiornamento: 23\/06\/2015.<\/p>\n\n\n\n<h3 class=\"wp-block-heading\" id=\"informativa-sui-cookies\">INFORMATIVA SUI COOKIES<\/h3>\n\n\n\n<p>Ai sensi dell\u2019articolo 13 del Decreto Legislativo 196\/2003 (Codice in materia di protezione dei dati personali) e del Provvedimento del Garante per la protezione dei dati personali Individuazione delle modalit\u00e0 semplificate per l&#8217;informativa e l&#8217;acquisizione del consenso per l&#8217;uso dei cookie &#8211; 8 maggio 2014 [doc. web n. 3118884] aiso-outplacement.it \/ AISO &#8211; Associazione Italiana Societ\u00e0 Outplacement Le fornisce le seguenti informazioni relative ai cookies installati sul dominio outplacement.it e i suoi sottodomini (di seguito \u201cSito\u201d).<\/p>\n\n\n\n<p>Riteniamo importante tutelare la vostra privacy e spiegare in modo trasparente come impieghiamo i vostri dati. Quanto indicato nella presente pagina ha lo scopo di mantenervi informati e permettervi di consultare in tranquillit\u00e0 il nostro sito web.<\/p>\n\n\n\n<p>La presente Politica sui Cookies di outplacement.it \/ AISO &#8211; Associazione Italiana Societ\u00e0 Outplacement descrive diversi tipi di cookies che possono venire impiegati per il Sito di propriet\u00e0 della nostra Associazione, il quale \u00e8 soggetto al nostro controllo e dal quale state accedendo a questa Politica sui Cookies, che spiega come gestirli. La presente Politica sui Cookies \u00e8 soggetta a variazioni. Qualsiasi variazione alla presente Policy entrer\u00e0 in vigore contestualmente alla pubblicazione della medesima sul Sito o attraverso il medesimo.<\/p>\n\n\n\n<h3 class=\"wp-block-heading\" id=\"che-cosa-sono-i-cookies\">CHE COSA SONO I COOKIES?<\/h3>\n\n\n\n<p>I cookies sono dati creati da un server che sono memorizzati in file di testo sull\u2019hard disk del computer dell\u2019utente e permettono di raccogliere informazioni sulla navigazione effettuata dall\u2019utente sul sito web. I cookies possono essere memorizzati in modo permanente sul Suo computer ed avere un durata variabile (c.d. cookies persistenti), ma possono anche svanire con la chiusura del browser o avere una durata limitata (c.d. cookies di sessione). I cookies possono essere installati dal sito che sta visitando (c.d. cookies di prima parte) o possono essere istallati da altri siti web (c.d. cookies di terze parti).<\/p>\n\n\n\n<h3 class=\"wp-block-heading\" id=\"quali-cookies-impieghiamo\">QUALI COOKIES IMPIEGHIAMO?<\/h3>\n\n\n\n<p>Segue un elenco dei diversi tipi di cookie che potrebbero venire impiegati per il Sito. Si noti che, nella misura in cui le informazioni raccolte mediante i cookies rappresentano dati personali, si applicano le disposizioni previste dalla Policy sulla Privacy (https:\/\/www.aiso-outplacement.it\/privacy-policy) a integrazione della presente Politica sui Cookies.<\/p>\n\n\n\n<h3 class=\"wp-block-heading\" id=\"cookies-tecnici\">Cookies tecnici<\/h3>\n\n\n\n<p>I cookies definiti tecnici sono indispensabili al funzionamento del Sito e vi consentono di navigare e utilizzare servizi e opzioni. Senza di essi, il Sito non sarebbe in grado di funzionare bene quanto vorremmo e potrebbe non consentirci di rendervelo accessibile o di fornire determinati servizi o opzioni da voi richiesti.<\/p>\n\n\n\n<figure class=\"wp-block-table\"><table><thead><tr><th>Tipo di cookie<\/th><th>Descrizione<\/th><th>Come gestire il cookie<\/th><\/tr><\/thead><tbody><tr><td>Sessione<\/td><td>I cookies di sessione vengono utilizzati per mantenere lo stato dell\u2019applicazione.<\/td><td>Impostare il browser per accettarli o rifiutarli<\/td><\/tr><tr><td>Verifica JS<\/td><td>Aiuta a verificare se il browser accetta i codici JS<\/td><td>Impostare il browser per accettarli o rifiutarli<\/td><\/tr><\/tbody><\/table><\/figure>\n\n\n\n<h3 class=\"wp-block-heading\" id=\"cookies-di-impostazione-delle-preferenze\">Cookies di impostazione delle preferenze.<\/h3>\n\n\n\n<p>Non vengono utilizzati.<\/p>\n\n\n\n<h3 class=\"wp-block-heading\" id=\"cookies-a-fini-di-marketing\">Cookies a fini di marketing.<\/h3>\n\n\n\n<p>Non vengono utilizzati.<\/p>\n\n\n\n<h3 class=\"wp-block-heading\" id=\"cookies-di-terze-parti-tracciabilita-dei-social-plugin\">Cookies di terze parti: tracciabilit\u00e0 dei social plugin.<\/h3>\n\n\n\n<p>Si tratta di cookies impiegati per risalire a iscritti (e non) ai social media a fini di analisi di mercato e sviluppo prodotto.<\/p>\n\n\n\n<figure class=\"wp-block-table\"><table><thead><tr><th>Tipo di cookie<\/th><th>Descrizione<\/th><th>Come gestire il cookie<\/th><\/tr><\/thead><tbody><tr><td>Youtube<\/td><td>Cookies impiegati da YouTube per tracciare quando viene guardato un video di YouTube attraverso questo sito web.<br>Per informazioni relative all\u2019utilizzo di cookie da parte di You Tube si invita a consultare il sito http:\/\/www.google.com\/intl\/it_it\/policies\/technologies\/cookies\/<\/td><td>Impostare il browser per accettarli o rifiutarli<\/td><\/tr><tr><td>AddToAny<\/td><td>AddToAny offre servizi e applicazioni online che consentono agli utenti di condividere contenuti sul web pi\u00f9 facilmente.<br>Per maggiori informazioni sul servizio si invita a consultare il sito https:\/\/www.addtoany.com<\/td><td>Impostare il browser per accettarli o rifiutarli<\/td><\/tr><\/tbody><\/table><\/figure>\n\n\n\n<h3 class=\"wp-block-heading\" id=\"cookies-di-terze-parti-analitici\">Cookies di terze parti: analitici.<\/h3>\n\n\n\n<p>I cookies di analisi statistica raccolgono informazioni, in forma aggregata, sul numero di utenti che visitano il Sito e sulle modalit\u00e0 di fruizione dello stesso, al fine di elaborare statistiche generali sul suo utilizzo e migliorarne il funzionamento. Ad esempio, i cookies statistici ci dicono quali sono le pagine pi\u00f9 visitate del Sito, ci aiutano a registrare eventuali difficolt\u00e0 incontrate nella consultazione. Le informazioni cos\u00ec ottenute sono utili a comprendere le modalit\u00e0 d\u2019uso generali del Sito, senza possibilit\u00e0 di risalire all\u2019identificazione del singolo utente. Questo sito Internet utilizza Google Analytics, un servizio di analisi statistiche sul web fornito da un\u2019azienda terza (Google). Google installa i cookies descritti nella tabella qui di seguito per aiutarci ad analizzare le modalit\u00e0 di utilizzo di questo Sito. Le informazioni generate dai cookies vengono trasmesse dal vostro browser a Google e memorizzate su server negli Stati Uniti e in altri Paesi. L\u2019indirizzo IP ottenuto tramite Google Analytics non verr\u00e0 associato a dati di altro genere in possesso di Google. Potete scegliere di disabilitare o bloccare i cookie di Google selezionando le relative impostazioni sul vostro browser. In tal modo, potreste tuttavia non essere in grado di fruire di tutte le funzionalit\u00e0 del Sito. Potete scaricare e installare l\u2019Add-on di esclusione per browser di Google Analytics disponibile a questo link: http:\/\/tools.google.com\/dlpage\/gaoptout.<\/p>\n\n\n\n<figure class=\"wp-block-table\"><table><thead><tr><th>Tipo di cookie<\/th><th>Descrizione<\/th><th>Come gestire il cookie<\/th><\/tr><\/thead><tbody><tr><td>Google Analytics<\/td><td>I cookies di Google Analytics raccolgono dati statistici in aggregato per migliorare la presentazione del Sito e la navigazione.<\/td><td><a href=\"http:\/\/tools.google.com\/dlpage\/gaoptout\">https:\/\/tools.google.com\/dlpage\/gaoptout<\/a><\/td><\/tr><\/tbody><\/table><\/figure>\n\n\n\n<h3 class=\"wp-block-heading\" id=\"come-vengono-usati-i-cookies-di-terzi-sul-nostro-sito\">COME VENGONO USATI I COOKIES DI TERZI SUL NOSTRO SITO?<\/h3>\n\n\n\n<ul class=\"wp-block-list\"><li>Come indicato nella tabella in alto<\/li><li>I cookies possono essere proprietari o di terzi, ossia attivati da outplacement.it \/ AISO &#8211; Associazione Italiana Societ\u00e0 Outplacement o da suoi incaricati (come descritto nelle Condizioni d\u2019uso del Sito: https:\/\/www.aiso-outplacement.it\/privacy-policy) e\/o da suoi affiliati, oppure da operatori di altri siti Internet. Il presente Sito impiega cookies sia proprietari che di terzi.<\/li><li>Il Sito pu\u00f2 contenere link diretti verso siti Internet di terzi, collegandosi con i quali \u00e8 possibile che cookies di terzi vengano salvati sul vostro computer o altro dispositivo. Poich\u00e9 noi non gestiamo nessuno dei cookies terzi utilizzati per questi scopi, consigliamo di consultare il sito web dell\u2019operatore terzo per chiarire quali siano le prassi e i sistemi di controllo relativi prima di cliccare sul link presente su questo Sito.<\/li><\/ul>\n\n\n\n<h3 class=\"wp-block-heading\" id=\"come-si-gestiscono-i-cookies\">COME SI GESTISCONO I COOKIES?<\/h3>\n\n\n\n<p>Pu\u00f2 opporsi alla registrazione di cookies sul Suo hard disk configurando il suo browser di navigazione in modo da disabilitare i cookies. Di seguito riportiamo le modalit\u00e0 offerte dai principali browser:<\/p>\n\n\n\n<ul class=\"wp-block-list\"><li>Internet Explorer:&nbsp;<a href=\"http:\/\/windows.microsoft.com\/it-it\/internet-explorer\/delete-manage-cookies#ie=ie-11\">http:\/\/windows.microsoft.com\/it-it\/internet-explorer\/delete-manage-cookies#ie=ie-11<\/a><\/li><li>Chrome:&nbsp;<a href=\"https:\/\/support.google.com\/chrome\/answer\/95647?hl=it\">https:\/\/support.google.com\/chrome\/answer\/95647?hl=it<\/a><\/li><li>Firefox:&nbsp;<a href=\"https:\/\/support.mozilla.org\/it\/kb\/Gestione%20dei%20cookie\">https:\/\/support.mozilla.org\/it\/kb\/Gestione%20dei%20cookie<\/a><\/li><li>Opera: <a href=\"http:\/\/help.opera.com\/Windows\/10.00\/it\/cookies.html\">http:\/\/help.opera.com\/Windows\/10.00\/it\/cookies.html<\/a><\/li><li>Safari: <a href=\"http:\/\/support.apple.com\/kb\/HT1677?viewlocale=it_IT\">http:\/\/support.apple.com\/kb\/HT1677?viewlocale=it_IT<\/a><\/li><\/ul>\n\n\n\n<p>Dopo questa operazione, tuttavia, alcune funzioni delle pagine web potrebbero non essere eseguite correttamente. Se desiderate, potete consultare questo link http:\/\/www.allaboutcookies.org\/manage-cookies\/index.html per informazioni sui pi\u00f9 comuni browser.<\/p>\n\n\n\n<p><strong>Attenzione:<\/strong> La disabilitazione o rimozione dei cookies potrebbe compromettere il corretto uso di alcune funzionalit\u00e0 del Sito.<\/p>\n\n\n\n<p>Qualora decidiate di eliminare tutti i cookies scaricati dai siti gi\u00e0 visitati, ecco i link per scaricare tre programmi utili allo scopo:<br><a href=\"http:\/\/www.lavasoftusa.com\/products\/ad-aware_se_personal.php\">http:\/\/www.lavasoftusa.com\/products\/ad-aware_se_personal.php<\/a><br><a href=\"http:\/\/www.spybot.info\/en\/download\/index.html\">http:\/\/www.spybot.info\/en\/download\/index.html<\/a><br><a href=\"http:\/\/www.webroot.com\/consumer\/products\/spysweeper\/\">http:\/\/www.webroot.com\/consumer\/products\/spysweeper\/<\/a><\/p>\n\n\n\n<h3 class=\"wp-block-heading\" id=\"indirizzi-ip\">INDIRIZZI IP<\/h3>\n\n\n\n<p>Un indirizzo IP \u00e8 un numero univoco che identifica il computer o altro dispositivo di accesso a Internet. Tipicamente, un web server raccoglie in automatico gli indirizzi IP e se ne serve per amministrare il sito. Gli indirizzi IP vengono di solito utilizzati insieme ai cookies allo scopo di \u201cricordare\u201d computer e altri dispositivi impiegati per accedere a questo Sito. Questo Sito utilizza gli indirizzi IP in abbinamento ai Cookies.<\/p>\n\n\n\n<h3 class=\"wp-block-heading\" id=\"contatti\">CONTATTI<\/h3>\n\n\n\n<p>Per qualsiasi chiarimento:<\/p>\n\n\n\n<ul class=\"wp-block-list\"><li>indirizzo e-mail: <a href=\"https:\/\/www.aiso-outplacement.it\/contattaci\">www.aiso-outplacement.it\/contattaci<\/a><\/li><li>recapito postale: Via Pantano, 9 &#8211; c\/o Assolombarda, 20122 Milano<\/li><li>telefono: 39 02 43980350<\/li><\/ul>\n\n\n\n<div style=\"height:100px\" aria-hidden=\"true\" class=\"wp-block-spacer\"><\/div>\n","protected":false},"excerpt":{"rendered":"<p>Cookie Policy Per aiutarci a migliorare la tua esperienza di navigazione su questo sito web, aiso-outplacement.it \/ AISO &#8211; Associazione Italiana Societ\u00e0 Outplacement salva alcuni cookies sul tuo computer. Continuando con la navigazione si accettano implicitamente questi Cookie. Ultimo aggiornamento: 23\/06\/2015. INFORMATIVA SUI COOKIES Ai sensi dell\u2019articolo 13 del Decreto Legislativo 196\/2003 (Codice in materia &hellip;<\/p>\n<p class=\"read-more\"> <a class=\"\" href=\"https:\/\/www.aiso-outplacement.it\/?page_id=2079\"> <span class=\"screen-reader-text\">Cookie Policy<\/span> Leggi altro &raquo;<\/a><\/p>\n","protected":false},"author":2,"featured_media":0,"parent":0,"menu_order":0,"comment_status":"closed","ping_status":"closed","template":"","meta":{"site-sidebar-layout":"no-sidebar","site-content-layout":"plain-container","ast-main-header-display":"","ast-hfb-above-header-display":"","ast-hfb-mobile-header-display":"","site-post-title":"disabled","ast-breadcrumbs-content":"disabled","ast-featured-img":"disabled","footer-sml-layout":"","theme-transparent-header-meta":"disabled","adv-header-id-meta":"","stick-header-meta":"","header-above-stick-meta":"","header-main-stick-meta":"","header-below-stick-meta":"","footnotes":""},"class_list":["post-2079","page","type-page","status-publish","hentry"],"_links":{"self":[{"href":"https:\/\/www.aiso-outplacement.it\/index.php?rest_route=\/wp\/v2\/pages\/2079","targetHints":{"allow":["GET"]}}],"collection":[{"href":"https:\/\/www.aiso-outplacement.it\/index.php?rest_route=\/wp\/v2\/pages"}],"about":[{"href":"https:\/\/www.aiso-outplacement.it\/index.php?rest_route=\/wp\/v2\/types\/page"}],"author":[{"embeddable":true,"href":"https:\/\/www.aiso-outplacement.it\/index.php?rest_route=\/wp\/v2\/users\/2"}],"replies":[{"embeddable":true,"href":"https:\/\/www.aiso-outplacement.it\/index.php?rest_route=%2Fwp%2Fv2%2Fcomments&post=2079"}],"version-history":[{"count":3,"href":"https:\/\/www.aiso-outplacement.it\/index.php?rest_route=\/wp\/v2\/pages\/2079\/revisions"}],"predecessor-version":[{"id":2082,"href":"https:\/\/www.aiso-outplacement.it\/index.php?rest_route=\/wp\/v2\/pages\/2079\/revisions\/2082"}],"wp:attachment":[{"href":"https:\/\/www.aiso-outplacement.it\/index.php?rest_route=%2Fwp%2Fv2%2Fmedia&parent=2079"}],"curies":[{"name":"wp","href":"https:\/\/api.w.org\/{rel}","templated":true}]}}